{"id":349,"date":"2022-05-26T13:02:08","date_gmt":"2022-05-26T17:02:08","guid":{"rendered":"https:\/\/coasttocoastcremations.com\/?page_id=349"},"modified":"2026-03-06T01:06:29","modified_gmt":"2026-03-06T06:06:29","slug":"lista-de-precios-generales","status":"publish","type":"page","link":"https:\/\/coasttocoastcremations.com\/es\/general-price-list\/","title":{"rendered":"Lista de precios generales"},"content":{"rendered":"<h2 class=\"wp-block-heading c-heading-accent\">Honorarios y servicios profesionales<\/h2>\n\n\n\n<p><strong>Servicios b\u00e1sicos de director y personal de funeraria $295<\/strong><\/p>\n\n\n\n<p>Nuestros honorarios por los servicios del director y el personal de la funeraria incluyen, entre otros, personal para responder a su solicitud inicial de servicio, preparaci\u00f3n y presentaci\u00f3n de las autorizaciones y permisos necesarios, registro de estad\u00edsticas vitales, colocaci\u00f3n de un aviso necrol\u00f3gico en nuestro sitio web, Asistencia del personal antes, durante y despu\u00e9s de la cremaci\u00f3n. Tambi\u00e9n se incluyen en estos cargos los gastos generales relacionados con nuestras instalaciones. Esta tarifa ya est\u00e1 incluida en nuestros cargos por cremaciones directas, entierros inmediatos y env\u00edo o recepci\u00f3n de restos.<\/p>\n\n\n\n<figure class=\"wp-block-table\"><table><tbody><tr><td><strong>Conferencia de arreglos con un director funerario autorizado<\/strong><\/td><td class=\"has-text-align-right\" data-align=\"right\"><strong>$395<\/strong><\/td><\/tr><tr><td><strong>Refrigeraci\u00f3n (hasta 10 d\u00edas)<\/strong><\/td><td class=\"has-text-align-right\" data-align=\"right\"><strong>$95<\/strong><\/td><\/tr><tr><td><strong>Cuidado y Custodia de Restos: Por D\u00eda Despu\u00e9s de 10 d\u00edas<\/strong><\/td><td class=\"has-text-align-right\" data-align=\"right\"><strong>$50\/D\u00eda<\/strong><\/td><\/tr><tr><td><strong>Tarifa de crematorio<\/strong><\/td><td class=\"has-text-align-right\" data-align=\"right\"><strong>$215<\/strong><\/td><\/tr><\/tbody><\/table><\/figure>\n\n\n\n<div style=\"height:50px\" aria-hidden=\"true\" class=\"wp-block-spacer\"><\/div>\n\n\n\n<h2 class=\"wp-block-heading c-heading-accent\">Servicios de identificaci\u00f3n y visualizaci\u00f3n <\/h2>\n\n\n\n<figure class=\"wp-block-table c-margin-top-xs\"><table><tbody><tr><td><strong>Lavado y desinfecci\u00f3n de restos no embalsamados<\/strong><\/td><td class=\"has-text-align-right\" data-align=\"right\"><strong>$245<\/strong><\/td><\/tr><tr><td><strong>Preparaci\u00f3n y Cuidado de Restos Post Autopsia<\/strong><\/td><td class=\"has-text-align-right\" data-align=\"right\"><strong>$195<\/strong><\/td><\/tr><tr><td><strong>Preparaci\u00f3n para una vista de identificaci\u00f3n<\/strong><\/td><td class=\"has-text-align-right\" data-align=\"right\"><strong>$125<\/strong><\/td><\/tr><tr><td><strong>Uso de instalaciones para visualizaci\u00f3n<\/strong><\/td><td class=\"has-text-align-right\" data-align=\"right\"><strong>$295<\/strong><\/td><\/tr><tr><td><strong>Vestirse y cosmetolog\u00eda<\/strong><\/td><td class=\"has-text-align-right\" data-align=\"right\"><strong>$355<\/strong><\/td><\/tr><tr><td><strong>embalsamamiento<\/strong><\/td><td class=\"has-text-align-right\" data-align=\"right\"><strong>$750<\/strong><\/td><\/tr><\/tbody><\/table><figcaption class=\"wp-element-caption\">El embalsamamiento no es obligatorio por ley. Sin embargo, el embalsamamiento puede ser necesario si selecciona ciertos arreglos funerarios, como un funeral con velatorio. Si no desea el embalsamamiento, generalmente tiene derecho a elegir un acuerdo que no requiera que pague por ello, como la cremaci\u00f3n directa o el entierro inmediato.<\/figcaption><\/figure>\n\n\n\n<div style=\"height:50px\" aria-hidden=\"true\" class=\"wp-block-spacer\"><\/div>\n\n\n\n<h2 class=\"wp-block-heading c-heading-accent\">Otros servicios y tarifas<\/h2>\n\n\n\n<figure class=\"wp-block-table c-margin-top-xs\"><table><tbody><tr><td><strong>Env\u00edo por correo de restos cremados<\/strong><\/td><td class=\"has-text-align-right\" data-align=\"right\">   <strong>$195<\/strong><\/td><\/tr><tr><td><strong>Env\u00edo Internacional de Restos Cremados<\/strong> (Incluyendo Alaska, Haw\u00e1i y las Islas V\u00edrgenes de EE. UU.)<\/td><td class=\"has-text-align-right\" data-align=\"right\"><strong>$295<\/strong><\/td><\/tr><tr><td><strong>Env\u00edo por correo de certificados de defunci\u00f3n<\/strong><\/td><td class=\"has-text-align-right\" data-align=\"right\"><strong>$15<\/strong><\/td><\/tr><tr><td><strong>Env\u00edo por correo de certificados de defunci\u00f3n: al d\u00eda siguiente<\/strong><\/td><td class=\"has-text-align-right\" data-align=\"right\"><strong>$35<\/strong><\/td><\/tr><tr><td><strong>Traslado de Restos<\/strong> (dentro de un radio de 35 millas $3.00 por milla a partir de entonces)<\/td><td class=\"has-text-align-right\" data-align=\"right\"><strong>$295<\/strong><\/td><\/tr><tr><td><strong>Plan de protecci\u00f3n de viajes<\/strong><\/td><td class=\"has-text-align-right\" data-align=\"right\"><strong>$549<\/strong><\/td><\/tr><tr><td><strong>Acuerdo de necesidad previa: tarifa de archivo<\/strong><\/td><td class=\"has-text-align-right\" data-align=\"right\"><strong>$295<\/strong><\/td><\/tr><tr><td><strong>Tarifa de procesamiento de contrato seg\u00fan sea necesario<\/strong><\/td><td class=\"has-text-align-right\" data-align=\"right\"><strong>$95<\/strong><\/td><\/tr><tr><td><strong>Tarifa de procesamiento de cesi\u00f3n de seguro<\/strong><\/td><td class=\"has-text-align-right\" data-align=\"right\"><strong>5%<\/strong><\/td><\/tr><tr><td><strong>Servicio Prioritario de Cremaci\u00f3n <\/strong>(Garantizado en 2 d\u00edas despu\u00e9s de la aprobaci\u00f3n del m\u00e9dico forense)<\/td><td class=\"has-text-align-right\" data-align=\"right\"><strong>$195<\/strong><\/td><\/tr><tr><td><strong>Dispersi\u00f3n de restos cremados en el Golfo<\/strong><\/td><td class=\"has-text-align-right\" data-align=\"right\"><strong>$195<\/strong><\/td><\/tr><tr><td><strong>Modificaci\u00f3n de un certificado de defunci\u00f3n<\/strong><\/td><td class=\"has-text-align-right\" data-align=\"right\"><strong>$45<\/strong><\/td><\/tr><tr><td><strong>Grabado de Urna (una cara)<\/strong><\/td><td class=\"has-text-align-right\" data-align=\"right\"><strong>$45<\/strong><\/td><\/tr><tr><td><strong>Coordinaci\u00f3n con Cementerio de Veteranos<\/strong><\/td><td class=\"has-text-align-right\" data-align=\"right\"><strong>$95<\/strong><\/td><\/tr><tr><td><strong>Obituario publicado en l\u00ednea<\/strong><\/td><td class=\"has-text-align-right\" data-align=\"right\"><strong>$25<\/strong><\/td><\/tr><tr><td><strong>Toma de huellas dactilares<\/strong><\/td><td class=\"has-text-align-right\" data-align=\"right\"><strong>$25<\/strong><\/td><\/tr><tr><td><strong>Recargo por Mercanc\u00eda<\/strong><\/td><td class=\"has-text-align-right\" data-align=\"right\"><strong>1-10%<\/strong><\/td><\/tr><\/tbody><\/table><\/figure>\n\n\n\n<div style=\"height:50px\" aria-hidden=\"true\" class=\"wp-block-spacer\"><\/div>\n\n\n\n<h2 class=\"wp-block-heading c-heading-accent\">Paquetes de Cremaci\u00f3n Directa<\/h2>\n\n\n\n<p><strong>Basic Cremation:\u00a0\u00a0 $795<\/strong><\/p>\n\n\n\n<p>Servicios B\u00e1sicos de Dispensador Directo y Personal, Refrigeraci\u00f3n, Traslado de Restos (menos de 300 lbs), Autorizaciones Necesarias, Contenedor B\u00e1sico de Cremaci\u00f3n y Cremaci\u00f3n.<\/p>\n\n\n\n<p><strong>Seleccionar Cremaci\u00f3n: $995<\/strong><\/p>\n\n\n\n<p>Servicios b\u00e1sicos de eliminador directo y personal, refrigeraci\u00f3n, traslado de restos (menos de 300 libras), autorizaciones necesarias, contenedor de cremaci\u00f3n b\u00e1sico, cremaci\u00f3n prioritaria, 2 certificados de defunci\u00f3n, colocaci\u00f3n de obituario en nuestro sitio web seg\u00fan lo indicado por la solicitud familiar y toma de huellas dactilares para art\u00edculos conmemorativos. .<\/p>\n\n\n\n<p><strong>Cremaci\u00f3n Directa:<\/strong> Rango de precios <strong>$700 \u2013 $995<\/strong><\/p>\n\n\n\n<p>Nuestro cargo por cremaci\u00f3n directa (excluye cualquier ceremonia y visitaci\u00f3n). Incluye traslado local, cuidado y resguardo de restos, transporte al crematorio, servicios b\u00e1sicos del personal y autorizaciones. Si organiza una cremaci\u00f3n directa, puede utilizar un contenedor alternativo. Los contenedores alternativos encierran el cuerpo y pueden estar hechos de materiales como tableros de fibra o materiales compuestos (con y sin cubierta exterior). Los contenedores que proporcionamos son de fibra.<\/p>\n\n\n\n<p><strong>Cremaci\u00f3n Directa con Ata\u00fad:<\/strong> <em>(Rango de precios, desde)<\/em>&nbsp; &nbsp;<strong>$ 3.095<\/strong><\/p>\n\n\n\n<p>(Se proporcionar\u00e1 una lista de precios completa en la funeraria a pedido)<\/p>\n\n\n\n<p><strong>Cremaci\u00f3n Directa con Contenedor Alternativo:<\/strong>  <em>(Rango de precios)<\/em>&nbsp;&nbsp; <strong>$795 \u2013 $1.185<\/strong><\/p>\n\n\n\n<p>El contenedor que proporcionamos es de fibra. <strong>$95<\/strong><\/p>\n\n\n\n<p><strong>Cremaci\u00f3n Directa<\/strong> <strong>(Contenedor proporcionado por el cliente): <\/strong><em>(Rango de precios)&nbsp;&nbsp; <\/em><strong>$700 \u2013 $995<\/strong><\/p>\n\n\n\n<p><strong>Contenedores alternativos:<\/strong> <em>(Rango de precios)<\/em>&nbsp;&nbsp; <strong>$95 \u2013 $495<\/strong><\/p>\n\n\n\n<p><strong>Env\u00edo de Restos a Otra Funeraria: $2,680<\/strong><\/p>\n\n\n\n<p>Este cargo incluye retiro local de restos, servicios b\u00e1sicos del director y personal de la funeraria, embalsamamiento, transporte local y todas las autorizaciones necesarias. (No incluye gastos de env\u00edo ni personal para visita o ceremonia).&nbsp;<\/p>\n\n\n\n<p><strong>Recepci\u00f3n de Restos de Otra Funeraria: $1,905<\/strong><\/p>\n\n\n\n<p>Este cargo incluye servicios b\u00e1sicos del personal, transporte local a nuestras instalaciones, refugio de restos y transporte a un cementerio local. (excluye cualquier ceremonia, visitas y cargos de cementerio).&nbsp;<\/p>\n\n\n\n<p><strong>Entierro Inmediato (Contenedor Proporcionado Por Cliente): $2,995<\/strong><\/p>\n\n\n\n<p><strong>Lista de precios del ata\u00fad:<\/strong> <em>(Rango de precios)&nbsp;&nbsp; <\/em><strong>$1.495 \u2013 $4.995<\/strong><\/p>\n\n\n\n<p>(Se proporcionar\u00e1 una lista completa a pedido)<\/p>\n\n\n\n<p><strong>Contenedor de entierro exterior:<\/strong> <em>(Rango de precios)&nbsp;&nbsp; <\/em><strong>$295 \u2013 $4,995<\/strong><\/p>\n\n\n\n<p>(Se proporcionar\u00e1 una lista completa a pedido)<\/p>","protected":false},"excerpt":{"rendered":"<p>Professional Fees &amp; Services Basic Services Of Funeral Director And Staff &nbsp;$295 Our fee for the Services of the Funeral Director and Staff includes, but is not limited to, staff to respond to your initial request for service, preparation and filing of necessary authorization and permits, recording vital statistics, placement of obituary notice on our [&hellip;]<\/p>\n","protected":false},"author":1,"featured_media":0,"parent":0,"menu_order":19,"comment_status":"closed","ping_status":"closed","template":"","meta":{"_acf_changed":false,"footnotes":""},"class_list":["post-349","page","type-page","status-publish","hentry"],"acf":[],"_links":{"self":[{"href":"https:\/\/coasttocoastcremations.com\/es\/wp-json\/wp\/v2\/pages\/349","targetHints":{"allow":["GET"]}}],"collection":[{"href":"https:\/\/coasttocoastcremations.com\/es\/wp-json\/wp\/v2\/pages"}],"about":[{"href":"https:\/\/coasttocoastcremations.com\/es\/wp-json\/wp\/v2\/types\/page"}],"author":[{"embeddable":true,"href":"https:\/\/coasttocoastcremations.com\/es\/wp-json\/wp\/v2\/users\/1"}],"replies":[{"embeddable":true,"href":"https:\/\/coasttocoastcremations.com\/es\/wp-json\/wp\/v2\/comments?post=349"}],"version-history":[{"count":8,"href":"https:\/\/coasttocoastcremations.com\/es\/wp-json\/wp\/v2\/pages\/349\/revisions"}],"predecessor-version":[{"id":2319,"href":"https:\/\/coasttocoastcremations.com\/es\/wp-json\/wp\/v2\/pages\/349\/revisions\/2319"}],"wp:attachment":[{"href":"https:\/\/coasttocoastcremations.com\/es\/wp-json\/wp\/v2\/media?parent=349"}],"curies":[{"name":"Gracias","href":"https:\/\/api.w.org\/{rel}","templated":true}]}}