{"id":3,"date":"2020-09-29T20:57:27","date_gmt":"2020-09-30T00:57:27","guid":{"rendered":"https:\/\/coasttocoastcremations.com\/?page_id=3"},"modified":"2023-11-15T19:45:02","modified_gmt":"2023-11-16T00:45:02","slug":"politica-de-privacidad","status":"publish","type":"page","link":"https:\/\/coasttocoastcremations.com\/es\/privacy-policy\/","title":{"rendered":"pol\u00edtica de privacidad"},"content":{"rendered":"<div class=\"wp-block-columns is-layout-flex wp-container-core-columns-is-layout-9d6595d7 wp-block-columns-is-layout-flex\">\n<div class=\"wp-block-column intro is-layout-flow wp-block-column-is-layout-flow\">\n<p>Valoramos mucho su privacidad. Lea atentamente esta Pol\u00edtica de privacidad antes de utilizar el sitio web CoastToCoastCremations.com (el &quot;Sitio web&quot;) operado por Coast to Coast Cremations, LLC, una sociedad de responsabilidad limitada constituida en Florida, Estados Unidos (&quot;nosotros&quot;, &quot;nosotros&quot;, \u201cnuestro\u201d) ya que esta Pol\u00edtica de Privacidad contiene informaci\u00f3n importante sobre su privacidad y c\u00f3mo podemos usar la informaci\u00f3n que recopilamos sobre usted.<\/p>\n\n\n\n<p>Su acceso y uso del sitio web est\u00e1 condicionado a su aceptaci\u00f3n y cumplimiento de esta Pol\u00edtica de Privacidad. Esta Pol\u00edtica de Privacidad se aplica a todos, incluidos, entre otros: visitantes, usuarios y otras personas que deseen acceder o utilizar el sitio web.<\/p>\n\n\n\n<p>Al acceder o utilizar el sitio web, usted acepta estar sujeto a esta Pol\u00edtica de privacidad. Si no est\u00e1 de acuerdo con alguna parte de la Pol\u00edtica de privacidad, entonces no tiene nuestro permiso para acceder o utilizar el sitio web.<\/p>\n<\/div>\n<\/div>\n\n\n\n<h2 class=\"wp-block-heading\">\u00bfQu\u00e9 informaci\u00f3n recopilamos?<\/h2>\n\n\n\n<p>Recopilamos toda la informaci\u00f3n que ingresa en este sitio web. Recopilamos la siguiente informaci\u00f3n sobre usted:<\/p>\n\n\n\n<h3 class=\"wp-block-heading\">Informaci\u00f3n de identificaci\u00f3n \u2013 Nombre<\/h3>\n\n\n\n<p>Nombre<\/p>\n\n\n\n<h3 class=\"wp-block-heading\">Informaci\u00f3n de identificaci\u00f3n: direcci\u00f3n IP<\/h3>\n\n\n\n<p>direcci\u00f3n IP<\/p>\n\n\n\n<h3 class=\"wp-block-heading\">Informaci\u00f3n de identificaci\u00f3n: direcci\u00f3n de correo electr\u00f3nico<\/h3>\n\n\n\n<p>Direcci\u00f3n de correo electr\u00f3nico<\/p>\n\n\n\n<h3 class=\"wp-block-heading\">Informaci\u00f3n de identificaci\u00f3n: identificador del dispositivo<\/h3>\n\n\n\n<p>Identificador de dispositivo<\/p>\n\n\n\n<h2 class=\"wp-block-heading\">C\u00f3mo podemos usar su informaci\u00f3n<\/h2>\n\n\n\n<p>Podemos utilizar la informaci\u00f3n que usted nos proporciona para lo siguiente:<\/p>\n\n\n\n<ul class=\"wp-block-list\">\n<li>Anal\u00edtica;<\/li>\n\n\n\n<li>Marketing y publicidad;<\/li>\n\n\n\n<li>Prestaci\u00f3n de servicios;<\/li>\n\n\n\n<li>Proporcionar servicio al cliente.<\/li>\n<\/ul>\n\n\n\n<h3 class=\"wp-block-heading\">Obituarios<\/h3>\n\n\n\n<p>Coast to Coast Cremations puede publicar obituarios en nuestro sitio web que se nos ha pedido que enviemos para su publicaci\u00f3n en los medios locales\/nacionales. De acuerdo con los deseos de las familias, la informaci\u00f3n sobre los servicios que las familias solicitan permanece privada y no se publicar\u00e1. Cumpliremos con cualquier solicitud escrita de los familiares legales m\u00e1s cercanos del difunto para eliminar un obituario publicado. Nos reservamos el derecho de editar, o negarnos a incluir, una condolencia que contenga lenguaje que sea ilegal, da\u00f1ino, fraudulento, amenazante, abusivo, difamatorio, vulgar, obsceno, profano, odioso, racial, \u00e9tnico o de otro modo objetable, o que fomente una conducta. que pueda constituir un delito penal. Nos reservamos el derecho de cambiar la informaci\u00f3n contenida en este sitio web sin previo aviso. Nuestra empresa no es responsable de los errores involuntarios que pueda contener este sitio web. Los enlaces a otros sitios web se proporcionan para comodidad del usuario y no deben interpretarse como un respaldo de otro sitio web o del negocio al que se hace referencia o promocionado en otro sitio web. Otorgamos permiso a cualquier usuario para seguir enlaces a otros sitios web, pero no podemos ser responsables de ning\u00fan error de contenido, violaciones de derechos de autor, declaraciones difamatorias, temas ofensivos o cualquier otro material que pueda estar contenido en esos sitios web o en cualquier contenido posterior. sitios web a los que se puede acceder siguiendo esos enlaces. Entendemos que la privacidad es un tema importante para los visitantes de nuestro sitio web. La siguiente informaci\u00f3n est\u00e1 dise\u00f1ada para ayudar a los visitantes a comprender qu\u00e9 informaci\u00f3n podemos recopilar de nuestro sitio y c\u00f3mo podemos usar esta informaci\u00f3n una vez que se ha recopilado.<\/p>\n\n\n\n<h2 class=\"wp-block-heading\">Galletas<\/h2>\n\n\n\n<p>Una cookie es un peque\u00f1o fragmento de datos enviado desde un sitio web y almacenado en su dispositivo por su navegador. Este sitio web recopila cookies y puede utilizar cookies por motivos que incluyen, entre otros:<\/p>\n\n\n\n<ul class=\"wp-block-list\">\n<li>Analizar el tr\u00e1fico de nuestro sitio web;<\/li>\n\n\n\n<li>Analizar sus interacciones con los anuncios;<\/li>\n\n\n\n<li>Identificar si ha iniciado sesi\u00f3n en el sitio web;<\/li>\n\n\n\n<li>Probar el contenido del sitio web;<\/li>\n\n\n\n<li>Almacenar informaci\u00f3n sobre sus preferencias;<\/li>\n\n\n\n<li>Reconocer cuando regresa al Sitio Web.<\/li>\n<\/ul>\n\n\n\n<p>La mayor\u00eda de los navegadores web aceptan cookies autom\u00e1ticamente. Sin embargo, puede modificar la configuraci\u00f3n de su navegador para rechazar las cookies, si lo prefiere. Esta configuraci\u00f3n puede impedirle aprovechar al m\u00e1ximo el sitio web.<\/p>\n\n\n\n<h2 class=\"wp-block-heading\">privacidad de los ni\u00f1os<\/h2>\n\n\n\n<p>Este sitio web est\u00e1 destinado a un p\u00fablico general y no ofrece servicios a ni\u00f1os. Si un ni\u00f1o que sabemos que es menor de 18 a\u00f1os nos env\u00eda informaci\u00f3n personal, usaremos esa informaci\u00f3n solo para responderle a ese ni\u00f1o e informarle que no puede usar este sitio web.<\/p>\n\n\n\n<h2 class=\"wp-block-heading\">Programas de an\u00e1lisis<\/h2>\n\n\n\n<p>Este sitio web utiliza Google Analytics para recopilar informaci\u00f3n sobre usted y sus comportamientos. Si desea excluirse de Google Analytics, visite&nbsp;<a href=\"https:\/\/tools.google.com\/dlpage\/gaoptout\/\" target=\"_blank\" rel=\"noreferrer noopener\">https:\/\/tools.google.com\/dlpage\/gaoptout\/<\/a>.<\/p>\n\n\n\n<h2 class=\"wp-block-heading\">Sitios web de terceros<\/h2>\n\n\n\n<p>Este sitio web puede contener hiperv\u00ednculos a sitios web operados por terceros adem\u00e1s de nosotros. Proporcionamos dichos hiperv\u00ednculos \u00fanicamente para su referencia. No controlamos dichos sitios web y no somos responsables de su contenido ni de la privacidad u otras pr\u00e1cticas de dichos sitios web. Depende de usted leer y comprender completamente sus Pol\u00edticas de Privacidad. Nuestra inclusi\u00f3n de hiperv\u00ednculos a dichos sitios web no implica ning\u00fan respaldo del material de dichos sitios web ni ninguna asociaci\u00f3n con sus operadores.<\/p>\n\n\n\n<h2 class=\"wp-block-heading\">Preguntas<\/h2>\n\n\n\n<p>Si tiene alguna pregunta sobre esta Pol\u00edtica de Privacidad, cont\u00e1ctenos en info@coasttocoastcremations.com<\/p>","protected":false},"excerpt":{"rendered":"<p>We value your privacy very highly. Please read this Privacy Policy carefully before using the CoastToCoastCremations.com Website (the &#8220;Website&#8221;) operated by Coast to Coast Cremations, LLC, a(n) Limited Liability Company formed in Florida, United States (&#8220;us,&#8221; &#8220;we,&#8221; &#8220;our&#8221;) as this Privacy Policy contains important information regarding your privacy and how we may use the information [&hellip;]<\/p>\n","protected":false},"author":1,"featured_media":0,"parent":0,"menu_order":20,"comment_status":"closed","ping_status":"closed","template":"","meta":{"_acf_changed":false,"footnotes":""},"class_list":["post-3","page","type-page","status-publish","hentry"],"acf":[],"_links":{"self":[{"href":"https:\/\/coasttocoastcremations.com\/es\/wp-json\/wp\/v2\/pages\/3","targetHints":{"allow":["GET"]}}],"collection":[{"href":"https:\/\/coasttocoastcremations.com\/es\/wp-json\/wp\/v2\/pages"}],"about":[{"href":"https:\/\/coasttocoastcremations.com\/es\/wp-json\/wp\/v2\/types\/page"}],"author":[{"embeddable":true,"href":"https:\/\/coasttocoastcremations.com\/es\/wp-json\/wp\/v2\/users\/1"}],"replies":[{"embeddable":true,"href":"https:\/\/coasttocoastcremations.com\/es\/wp-json\/wp\/v2\/comments?post=3"}],"version-history":[{"count":5,"href":"https:\/\/coasttocoastcremations.com\/es\/wp-json\/wp\/v2\/pages\/3\/revisions"}],"predecessor-version":[{"id":1446,"href":"https:\/\/coasttocoastcremations.com\/es\/wp-json\/wp\/v2\/pages\/3\/revisions\/1446"}],"wp:attachment":[{"href":"https:\/\/coasttocoastcremations.com\/es\/wp-json\/wp\/v2\/media?parent=3"}],"curies":[{"name":"Gracias","href":"https:\/\/api.w.org\/{rel}","templated":true}]}}